{"id":9386,"date":"2025-04-04T09:50:32","date_gmt":"2025-04-04T07:50:32","guid":{"rendered":"https:\/\/energiaperfecta.es\/funding-and-management-of-grants\/"},"modified":"2025-09-10T16:17:36","modified_gmt":"2025-09-10T14:17:36","slug":"funding-and-management-of-grants","status":"publish","type":"page","link":"https:\/\/energiaperfecta.es\/en\/funding-and-management-of-grants\/","title":{"rendered":"Funding and management of grants"},"content":{"rendered":"\t\t<div data-elementor-type=\"wp-page\" data-elementor-id=\"9386\" class=\"elementor elementor-9386 elementor-8610\" data-elementor-post-type=\"page\">\n\t\t\t\t<div class=\"elementor-element elementor-element-198ddf3 e-con-full e-flex e-con e-parent\" data-id=\"198ddf3\" data-element_type=\"container\" data-e-type=\"container\" data-settings=\"{&quot;background_background&quot;:&quot;slideshow&quot;,&quot;background_slideshow_gallery&quot;:[{&quot;id&quot;:&quot;9326&quot;,&quot;url&quot;:&quot;https:\\\/\\\/energiaperfecta.es\\\/wp-content\\\/uploads\\\/sites\\\/37\\\/2025\\\/06\\\/14204_result.webp&quot;}],&quot;background_slideshow_loop&quot;:&quot;yes&quot;,&quot;background_slideshow_slide_duration&quot;:5000,&quot;background_slideshow_slide_transition&quot;:&quot;fade&quot;,&quot;background_slideshow_transition_duration&quot;:500}\">\n\t\t<div class=\"elementor-element elementor-element-574e17d e-con-full e-flex e-con e-child\" data-id=\"574e17d\" data-element_type=\"container\" data-e-type=\"container\" data-settings=\"{&quot;background_background&quot;:&quot;classic&quot;}\">\n\t\t\t\t<div class=\"elementor-element elementor-element-c98c030 elementor-widget__width-initial elementor-invisible elementor-widget elementor-widget-heading\" data-id=\"c98c030\" data-element_type=\"widget\" data-e-type=\"widget\" data-settings=\"{&quot;_animation&quot;:&quot;fadeInUp&quot;,&quot;_animation_delay&quot;:&quot;300&quot;}\" data-widget_type=\"heading.default\">\n\t\t\t\t<div class=\"elementor-widget-container\">\n\t\t\t\t\t<h2 class=\"elementor-heading-title elementor-size-default\">financing and management of aid<\/h2>\t\t\t\t<\/div>\n\t\t\t\t<\/div>\n\t\t\t\t<\/div>\n\t\t\t\t<\/div>\n\t\t\t\t<section class=\"elementor-section elementor-top-section elementor-element elementor-element-4f8e4f28 elementor-section-height-min-height elementor-section-boxed elementor-section-height-default elementor-section-items-middle\" data-id=\"4f8e4f28\" data-element_type=\"section\" data-e-type=\"section\" data-settings=\"{&quot;background_background&quot;:&quot;classic&quot;}\">\n\t\t\t\t\t\t<div class=\"elementor-container elementor-column-gap-default\">\n\t\t\t\t\t<div class=\"elementor-column elementor-col-100 elementor-top-column elementor-element elementor-element-271f59c2 animated-fast elementor-invisible\" data-id=\"271f59c2\" data-element_type=\"column\" data-e-type=\"column\" data-settings=\"{&quot;background_background&quot;:&quot;classic&quot;,&quot;animation&quot;:&quot;fadeInRight&quot;}\">\n\t\t\t<div class=\"elementor-widget-wrap elementor-element-populated\">\n\t\t\t\t\t\t<div class=\"elementor-element elementor-element-1f23ae4d elementor-invisible elementor-widget elementor-widget-heading\" data-id=\"1f23ae4d\" data-element_type=\"widget\" data-e-type=\"widget\" data-settings=\"{&quot;_animation&quot;:&quot;fadeInUp&quot;,&quot;_animation_delay&quot;:&quot;300&quot;}\" data-widget_type=\"heading.default\">\n\t\t\t\t<div class=\"elementor-widget-container\">\n\t\t\t\t\t<h3 class=\"elementor-heading-title elementor-size-default\">We make self-consumption accessible to all<\/h3>\t\t\t\t<\/div>\n\t\t\t\t<\/div>\n\t\t\t\t<div class=\"elementor-element elementor-element-23257d27 elementor-invisible elementor-widget elementor-widget-text-editor\" data-id=\"23257d27\" data-element_type=\"widget\" data-e-type=\"widget\" data-settings=\"{&quot;_animation&quot;:&quot;fadeInUp&quot;,&quot;_animation_delay&quot;:&quot;500&quot;}\" data-widget_type=\"text-editor.default\">\n\t\t\t\t<div class=\"elementor-widget-container\">\n\t\t\t\t\t\t\t\t\t<p>At <strong><b>PerfectPowerGroup Energ\u00eda Perfecta\u00ae<\/b><\/strong> we know that initial investment in renewable energy can be a barrier. That\u2019s why we help you access the best grants and financing available to make the transition to self-consumption easy and profitable from day one. <\/p>\n\t\t\t\t\t\t\t\t<\/div>\n\t\t\t\t<\/div>\n\t\t<div class=\"elementor-element elementor-element-8ec531e e-grid e-con-boxed e-con e-parent\" data-id=\"8ec531e\" data-element_type=\"container\" data-e-type=\"container\">\n\t\t\t\t\t<div class=\"e-con-inner\">\n\t\t\t\t<div class=\"elementor-element elementor-element-457d4be elementor-widget elementor-widget-text-editor\" data-id=\"457d4be\" data-element_type=\"widget\" data-e-type=\"widget\" data-widget_type=\"text-editor.default\">\n\t\t\t\t<div class=\"elementor-widget-container\">\n\t\t\t\t\t\t\t\t\t<p><strong>Management of all available public support.<\/strong><\/p>\n<p>Whenever there are open calls, we help you in the application and obtaining these.<\/p>\n\t\t\t\t\t\t\t\t<\/div>\n\t\t\t\t<\/div>\n\t\t\t\t<div class=\"elementor-element elementor-element-40a785b elementor-widget elementor-widget-text-editor\" data-id=\"40a785b\" data-element_type=\"widget\" data-e-type=\"widget\" data-widget_type=\"text-editor.default\">\n\t\t\t\t<div class=\"elementor-widget-container\">\n\t\t\t\t\t\t\t\t\t<p><strong>Flexible financing, tailored to your needs.<\/strong><\/p>\n<p>We carry out a study of investment, costs and savings, and on this basis we seek financing so that you can pay for it with the savings generated by the installation, without having to make any disbursements to perform the installation.<\/p>\n\t\t\t\t\t\t\t\t<\/div>\n\t\t\t\t<\/div>\n\t\t\t\t<div class=\"elementor-element elementor-element-f9a25ec elementor-widget elementor-widget-text-editor\" data-id=\"f9a25ec\" data-element_type=\"widget\" data-e-type=\"widget\" data-widget_type=\"text-editor.default\">\n\t\t\t\t<div class=\"elementor-widget-container\">\n\t\t\t\t\t\t\t\t\t<p><strong>Advice on obtaining the IBI bonus.<\/strong><\/p>\n<p>Most municipalities offer 50% bonuses on the IBI for several years, which can be 3, 5 or even longer. We advise you on the presentation of the necessary documentation for the application. <\/p>\n\t\t\t\t\t\t\t\t<\/div>\n\t\t\t\t<\/div>\n\t\t\t\t\t<\/div>\n\t\t\t\t<\/div>\n\t\t\t\t<div class=\"elementor-element elementor-element-7be1616 elementor-hidden-desktop elementor-hidden-tablet elementor-hidden-mobile elementor-invisible elementor-widget elementor-widget-text-editor\" data-id=\"7be1616\" data-element_type=\"widget\" data-e-type=\"widget\" data-settings=\"{&quot;_animation&quot;:&quot;fadeInUp&quot;,&quot;_animation_delay&quot;:&quot;500&quot;}\" data-widget_type=\"text-editor.default\">\n\t\t\t\t<div class=\"elementor-widget-container\">\n\t\t\t\t\t\t\t\t\t<p><strong><em>Take advantage of market opportunities to make your project a profitable investment.<\/em><\/strong><\/p>\n<p><strong><em>We help you finance your perfect energy. You just have to take the first step. <\/em><\/strong><\/p>\n\t\t\t\t\t\t\t\t<\/div>\n\t\t\t\t<\/div>\n\t\t\t\t\t<\/div>\n\t\t<\/div>\n\t\t\t\t\t<\/div>\n\t\t<\/section>\n\t\t<div class=\"elementor-element elementor-element-e9abb7d e-flex e-con-boxed e-con e-parent\" data-id=\"e9abb7d\" data-element_type=\"container\" data-e-type=\"container\" data-settings=\"{&quot;background_background&quot;:&quot;classic&quot;}\">\n\t\t\t\t\t<div class=\"e-con-inner\">\n\t\t<div class=\"elementor-element elementor-element-72d3d80 e-con-full e-flex e-con e-child\" data-id=\"72d3d80\" data-element_type=\"container\" data-e-type=\"container\">\n\t\t<div class=\"elementor-element elementor-element-a28ac30 e-con-full e-flex e-con e-child\" data-id=\"a28ac30\" data-element_type=\"container\" data-e-type=\"container\" data-settings=\"{&quot;background_background&quot;:&quot;slideshow&quot;,&quot;background_slideshow_gallery&quot;:[],&quot;background_slideshow_loop&quot;:&quot;yes&quot;,&quot;background_slideshow_slide_duration&quot;:5000,&quot;background_slideshow_slide_transition&quot;:&quot;fade&quot;,&quot;background_slideshow_transition_duration&quot;:500}\">\n\t\t<div class=\"elementor-element elementor-element-4e586d3 e-con-full e-flex e-con e-child\" data-id=\"4e586d3\" data-element_type=\"container\" data-e-type=\"container\" data-settings=\"{&quot;background_background&quot;:&quot;classic&quot;}\">\n\t\t\t\t<div class=\"elementor-element elementor-element-4530973 elementor-widget__width-initial elementor-invisible elementor-widget elementor-widget-heading\" data-id=\"4530973\" data-element_type=\"widget\" data-e-type=\"widget\" data-settings=\"{&quot;_animation&quot;:&quot;fadeInUp&quot;,&quot;_animation_delay&quot;:&quot;300&quot;}\" data-widget_type=\"heading.default\">\n\t\t\t\t<div class=\"elementor-widget-container\">\n\t\t\t\t\t<h2 class=\"elementor-heading-title elementor-size-default\">We help you finance<br>your perfect energy.<br>You just have to give<br>the first step.<\/h2>\t\t\t\t<\/div>\n\t\t\t\t<\/div>\n\t\t\t\t<\/div>\n\t\t\t\t<\/div>\n\t\t\t\t<\/div>\n\t\t\t\t\t<\/div>\n\t\t\t\t<\/div>\n\t\t\t\t<\/div>\n\t\t","protected":false},"excerpt":{"rendered":"<p>financing and management of aid We make self-consumption accessible to all At PerfectPowerGroup Energ\u00eda Perfecta\u00ae we know that initial investment in renewable energy can be a barrier. That\u2019s why we help you access the best grants and financing available to make the transition to self-consumption easy and profitable from day one. Management of all available &#8230; <a title=\"Funding and management of grants\" class=\"read-more\" href=\"https:\/\/energiaperfecta.es\/en\/funding-and-management-of-grants\/\" aria-label=\"Read more about Funding and management of grants\">Read more<\/a><\/p>\n","protected":false},"author":7,"featured_media":0,"parent":0,"menu_order":0,"comment_status":"closed","ping_status":"closed","template":"elementor_header_footer","meta":{"_acf_changed":false,"footnotes":""},"class_list":["post-9386","page","type-page","status-publish"],"yoast_head":"<!-- This site is optimized with the Yoast SEO plugin v27.5 - https:\/\/yoast.com\/product\/yoast-seo-wordpress\/ -->\n<title>Specialized energy engineering - Know our expertise<\/title>\n<meta name=\"description\" content=\"We are specialists in energy engineering for companies. More than 20 years developing sustainable solutions adapted to each client.\" \/>\n<meta name=\"robots\" content=\"index, follow, max-snippet:-1, max-image-preview:large, max-video-preview:-1\" \/>\n<link rel=\"canonical\" href=\"https:\/\/energiaperfecta.es\/financiacion-y-gestion-de-ayudas\/\" \/>\n<meta property=\"og:locale\" content=\"en_US\" \/>\n<meta property=\"og:type\" content=\"article\" \/>\n<meta property=\"og:title\" content=\"Specialized energy engineering - Know our expertise\" \/>\n<meta property=\"og:description\" content=\"We are specialists in energy engineering for companies. More than 20 years developing sustainable solutions adapted to each client.\" \/>\n<meta property=\"og:url\" content=\"https:\/\/energiaperfecta.es\/financiacion-y-gestion-de-ayudas\/\" \/>\n<meta property=\"og:site_name\" content=\"SOLUCIONES DE PERFECCIONAMIENTO ENERGETICO SL\" \/>\n<meta property=\"article:modified_time\" content=\"2025-09-10T14:17:36+00:00\" \/>\n<meta name=\"twitter:card\" content=\"summary_large_image\" \/>\n<meta name=\"twitter:label1\" content=\"Est. reading time\" \/>\n\t<meta name=\"twitter:data1\" content=\"1 minute\" \/>\n<script type=\"application\/ld+json\" class=\"yoast-schema-graph\">{\"@context\":\"https:\\\/\\\/schema.org\",\"@graph\":[{\"@type\":\"WebPage\",\"@id\":\"https:\\\/\\\/energiaperfecta.es\\\/financiacion-y-gestion-de-ayudas\\\/\",\"url\":\"https:\\\/\\\/energiaperfecta.es\\\/financiacion-y-gestion-de-ayudas\\\/\",\"name\":\"Specialized energy engineering - Know our expertise\",\"isPartOf\":{\"@id\":\"https:\\\/\\\/energiaperfecta.es\\\/#website\"},\"datePublished\":\"2025-04-04T07:50:32+00:00\",\"dateModified\":\"2025-09-10T14:17:36+00:00\",\"description\":\"We are specialists in energy engineering for companies. More than 20 years developing sustainable solutions adapted to each client.\",\"breadcrumb\":{\"@id\":\"https:\\\/\\\/energiaperfecta.es\\\/financiacion-y-gestion-de-ayudas\\\/#breadcrumb\"},\"inLanguage\":\"en-US\",\"potentialAction\":[{\"@type\":\"ReadAction\",\"target\":[\"https:\\\/\\\/energiaperfecta.es\\\/financiacion-y-gestion-de-ayudas\\\/\"]}]},{\"@type\":\"BreadcrumbList\",\"@id\":\"https:\\\/\\\/energiaperfecta.es\\\/financiacion-y-gestion-de-ayudas\\\/#breadcrumb\",\"itemListElement\":[{\"@type\":\"ListItem\",\"position\":1,\"name\":\"Portada\",\"item\":\"https:\\\/\\\/energiaperfecta.es\\\/\"},{\"@type\":\"ListItem\",\"position\":2,\"name\":\"Funding and management of grants\"}]},{\"@type\":\"WebSite\",\"@id\":\"https:\\\/\\\/energiaperfecta.es\\\/#website\",\"url\":\"https:\\\/\\\/energiaperfecta.es\\\/\",\"name\":\"SOLUCIONES DE PERFECCIONAMIENTO ENERGETICO SL\",\"description\":\"Instalaciones el\u00e9ctricas en general. Instalaciones de redes telegr\u00e1ficas, telef\u00f3nicas, telefon\u00eda sin hilos y televisi\u00f3n\",\"publisher\":{\"@id\":\"https:\\\/\\\/energiaperfecta.es\\\/#organization\"},\"potentialAction\":[{\"@type\":\"SearchAction\",\"target\":{\"@type\":\"EntryPoint\",\"urlTemplate\":\"https:\\\/\\\/energiaperfecta.es\\\/?s={search_term_string}\"},\"query-input\":{\"@type\":\"PropertyValueSpecification\",\"valueRequired\":true,\"valueName\":\"search_term_string\"}}],\"inLanguage\":\"en-US\"},{\"@type\":\"Organization\",\"@id\":\"https:\\\/\\\/energiaperfecta.es\\\/#organization\",\"name\":\"SOLUCIONES DE PERFECCIONAMIENTO ENERGETICO SL\",\"url\":\"https:\\\/\\\/energiaperfecta.es\\\/\",\"logo\":{\"@type\":\"ImageObject\",\"inLanguage\":\"en-US\",\"@id\":\"https:\\\/\\\/energiaperfecta.es\\\/#\\\/schema\\\/logo\\\/image\\\/\",\"url\":\"https:\\\/\\\/energiaperfecta.es\\\/wp-content\\\/uploads\\\/sites\\\/37\\\/2024\\\/05\\\/PerfectPowerGroup_Logo-scaled.jpg\",\"contentUrl\":\"https:\\\/\\\/energiaperfecta.es\\\/wp-content\\\/uploads\\\/sites\\\/37\\\/2024\\\/05\\\/PerfectPowerGroup_Logo-scaled.jpg\",\"width\":2560,\"height\":433,\"caption\":\"SOLUCIONES DE PERFECCIONAMIENTO ENERGETICO SL\"},\"image\":{\"@id\":\"https:\\\/\\\/energiaperfecta.es\\\/#\\\/schema\\\/logo\\\/image\\\/\"}}]}<\/script>\n<!-- \/ Yoast SEO plugin. -->","yoast_head_json":{"title":"Specialized energy engineering - Know our expertise","description":"We are specialists in energy engineering for companies. More than 20 years developing sustainable solutions adapted to each client.","robots":{"index":"index","follow":"follow","max-snippet":"max-snippet:-1","max-image-preview":"max-image-preview:large","max-video-preview":"max-video-preview:-1"},"canonical":"https:\/\/energiaperfecta.es\/financiacion-y-gestion-de-ayudas\/","og_locale":"en_US","og_type":"article","og_title":"Specialized energy engineering - Know our expertise","og_description":"We are specialists in energy engineering for companies. More than 20 years developing sustainable solutions adapted to each client.","og_url":"https:\/\/energiaperfecta.es\/financiacion-y-gestion-de-ayudas\/","og_site_name":"SOLUCIONES DE PERFECCIONAMIENTO ENERGETICO SL","article_modified_time":"2025-09-10T14:17:36+00:00","twitter_card":"summary_large_image","twitter_misc":{"Est. reading time":"1 minute"},"schema":{"@context":"https:\/\/schema.org","@graph":[{"@type":"WebPage","@id":"https:\/\/energiaperfecta.es\/financiacion-y-gestion-de-ayudas\/","url":"https:\/\/energiaperfecta.es\/financiacion-y-gestion-de-ayudas\/","name":"Specialized energy engineering - Know our expertise","isPartOf":{"@id":"https:\/\/energiaperfecta.es\/#website"},"datePublished":"2025-04-04T07:50:32+00:00","dateModified":"2025-09-10T14:17:36+00:00","description":"We are specialists in energy engineering for companies. More than 20 years developing sustainable solutions adapted to each client.","breadcrumb":{"@id":"https:\/\/energiaperfecta.es\/financiacion-y-gestion-de-ayudas\/#breadcrumb"},"inLanguage":"en-US","potentialAction":[{"@type":"ReadAction","target":["https:\/\/energiaperfecta.es\/financiacion-y-gestion-de-ayudas\/"]}]},{"@type":"BreadcrumbList","@id":"https:\/\/energiaperfecta.es\/financiacion-y-gestion-de-ayudas\/#breadcrumb","itemListElement":[{"@type":"ListItem","position":1,"name":"Portada","item":"https:\/\/energiaperfecta.es\/"},{"@type":"ListItem","position":2,"name":"Funding and management of grants"}]},{"@type":"WebSite","@id":"https:\/\/energiaperfecta.es\/#website","url":"https:\/\/energiaperfecta.es\/","name":"SOLUCIONES DE PERFECCIONAMIENTO ENERGETICO SL","description":"Instalaciones el\u00e9ctricas en general. Instalaciones de redes telegr\u00e1ficas, telef\u00f3nicas, telefon\u00eda sin hilos y televisi\u00f3n","publisher":{"@id":"https:\/\/energiaperfecta.es\/#organization"},"potentialAction":[{"@type":"SearchAction","target":{"@type":"EntryPoint","urlTemplate":"https:\/\/energiaperfecta.es\/?s={search_term_string}"},"query-input":{"@type":"PropertyValueSpecification","valueRequired":true,"valueName":"search_term_string"}}],"inLanguage":"en-US"},{"@type":"Organization","@id":"https:\/\/energiaperfecta.es\/#organization","name":"SOLUCIONES DE PERFECCIONAMIENTO ENERGETICO SL","url":"https:\/\/energiaperfecta.es\/","logo":{"@type":"ImageObject","inLanguage":"en-US","@id":"https:\/\/energiaperfecta.es\/#\/schema\/logo\/image\/","url":"https:\/\/energiaperfecta.es\/wp-content\/uploads\/sites\/37\/2024\/05\/PerfectPowerGroup_Logo-scaled.jpg","contentUrl":"https:\/\/energiaperfecta.es\/wp-content\/uploads\/sites\/37\/2024\/05\/PerfectPowerGroup_Logo-scaled.jpg","width":2560,"height":433,"caption":"SOLUCIONES DE PERFECCIONAMIENTO ENERGETICO SL"},"image":{"@id":"https:\/\/energiaperfecta.es\/#\/schema\/logo\/image\/"}}]}},"acf":[],"_links":{"self":[{"href":"https:\/\/energiaperfecta.es\/en\/wp-json\/wp\/v2\/pages\/9386","targetHints":{"allow":["GET"]}}],"collection":[{"href":"https:\/\/energiaperfecta.es\/en\/wp-json\/wp\/v2\/pages"}],"about":[{"href":"https:\/\/energiaperfecta.es\/en\/wp-json\/wp\/v2\/types\/page"}],"author":[{"embeddable":true,"href":"https:\/\/energiaperfecta.es\/en\/wp-json\/wp\/v2\/users\/7"}],"replies":[{"embeddable":true,"href":"https:\/\/energiaperfecta.es\/en\/wp-json\/wp\/v2\/comments?post=9386"}],"version-history":[{"count":0,"href":"https:\/\/energiaperfecta.es\/en\/wp-json\/wp\/v2\/pages\/9386\/revisions"}],"wp:attachment":[{"href":"https:\/\/energiaperfecta.es\/en\/wp-json\/wp\/v2\/media?parent=9386"}],"curies":[{"name":"wp","href":"https:\/\/api.w.org\/{rel}","templated":true}]}}