{"id":9387,"date":"2024-06-07T16:27:22","date_gmt":"2024-06-07T14:27:22","guid":{"rendered":"https:\/\/energiaperfecta.es\/contact\/"},"modified":"2025-10-08T15:28:25","modified_gmt":"2025-10-08T13:28:25","slug":"contact","status":"publish","type":"page","link":"https:\/\/energiaperfecta.es\/en\/contact\/","title":{"rendered":"Contact"},"content":{"rendered":"\t\t<div data-elementor-type=\"wp-page\" data-elementor-id=\"9387\" class=\"elementor elementor-9387 elementor-1176\" data-elementor-post-type=\"page\">\n\t\t\t\t<div class=\"elementor-element elementor-element-51c8ddc e-flex e-con-boxed e-con e-parent\" data-id=\"51c8ddc\" data-element_type=\"container\" data-e-type=\"container\" data-settings=\"{&quot;background_background&quot;:&quot;classic&quot;}\">\n\t\t\t\t\t<div class=\"e-con-inner\">\n\t\t<div class=\"elementor-element elementor-element-00633d0 e-con-full e-flex e-con e-child\" data-id=\"00633d0\" data-element_type=\"container\" data-e-type=\"container\">\n\t\t\t\t<div class=\"elementor-element elementor-element-81cc33a elementor-widget__width-initial elementor-invisible elementor-widget elementor-widget-heading\" data-id=\"81cc33a\" data-element_type=\"widget\" data-e-type=\"widget\" data-settings=\"{&quot;_animation&quot;:&quot;fadeInUp&quot;,&quot;_animation_delay&quot;:&quot;300&quot;}\" data-widget_type=\"heading.default\">\n\t\t\t\t<div class=\"elementor-widget-container\">\n\t\t\t\t\t<h1 class=\"elementor-heading-title elementor-size-default\">Contact us<br>today<\/h1>\t\t\t\t<\/div>\n\t\t\t\t<\/div>\n\t\t<div class=\"elementor-element elementor-element-c62e922 e-con-full e-flex e-con e-child\" data-id=\"c62e922\" data-element_type=\"container\" data-e-type=\"container\" data-settings=\"{&quot;background_background&quot;:&quot;classic&quot;}\">\n\t\t<div class=\"elementor-element elementor-element-bad6c01 e-con-full e-flex e-con e-child\" data-id=\"bad6c01\" data-element_type=\"container\" data-e-type=\"container\">\n\t\t\t\t<div class=\"elementor-element elementor-element-d50237e elementor-view-default elementor-position-block-start elementor-mobile-position-block-start elementor-widget elementor-widget-icon-box\" data-id=\"d50237e\" data-element_type=\"widget\" data-e-type=\"widget\" data-widget_type=\"icon-box.default\">\n\t\t\t\t<div class=\"elementor-widget-container\">\n\t\t\t\t\t\t\t<div class=\"elementor-icon-box-wrapper\">\n\n\t\t\t\t\t\t<div class=\"elementor-icon-box-icon\">\n\t\t\t\t<a href=\"tel:+34915483025\" class=\"elementor-icon\" tabindex=\"-1\">\n\t\t\t\t<svg aria-hidden=\"true\" class=\"e-font-icon-svg e-fas-phone\" viewBox=\"0 0 512 512\" xmlns=\"http:\/\/www.w3.org\/2000\/svg\"><path d=\"M493.4 24.6l-104-24c-11.3-2.6-22.9 3.3-27.5 13.9l-48 112c-4.2 9.8-1.4 21.3 6.9 28l60.6 49.6c-36 76.7-98.9 140.5-177.2 177.2l-49.6-60.6c-6.8-8.3-18.2-11.1-28-6.9l-112 48C3.9 366.5-2 378.1.6 389.4l24 104C27.1 504.2 36.7 512 48 512c256.1 0 464-207.5 464-464 0-11.2-7.7-20.9-18.6-23.4z\"><\/path><\/svg>\t\t\t\t<\/a>\n\t\t\t<\/div>\n\t\t\t\n\t\t\t\n\t\t<\/div>\n\t\t\t\t\t\t<\/div>\n\t\t\t\t<\/div>\n\t\t\t\t<div class=\"elementor-element elementor-element-eeb7d22 elementor-widget elementor-widget-text-editor\" data-id=\"eeb7d22\" data-element_type=\"widget\" data-e-type=\"widget\" data-widget_type=\"text-editor.default\">\n\t\t\t\t<div class=\"elementor-widget-container\">\n\t\t\t\t\t\t\t\t\t<p><a href=\"tel:+34915483025\">+34915483025<\/a><\/p>\n\t\t\t\t\t\t\t\t<\/div>\n\t\t\t\t<\/div>\n\t\t\t\t<\/div>\n\t\t<div class=\"elementor-element elementor-element-5141d0b e-con-full e-flex e-con e-child\" data-id=\"5141d0b\" data-element_type=\"container\" data-e-type=\"container\">\n\t\t\t\t<div class=\"elementor-element elementor-element-6aee193 elementor-view-default elementor-position-block-start elementor-mobile-position-block-start elementor-widget elementor-widget-icon-box\" data-id=\"6aee193\" data-element_type=\"widget\" data-e-type=\"widget\" data-widget_type=\"icon-box.default\">\n\t\t\t\t<div class=\"elementor-widget-container\">\n\t\t\t\t\t\t\t<div class=\"elementor-icon-box-wrapper\">\n\n\t\t\t\t\t\t<div class=\"elementor-icon-box-icon\">\n\t\t\t\t<a href=\"http:\/\/info@energiaperfecta.com\" class=\"elementor-icon\" tabindex=\"-1\">\n\t\t\t\t<svg aria-hidden=\"true\" class=\"e-font-icon-svg e-far-envelope\" viewBox=\"0 0 512 512\" xmlns=\"http:\/\/www.w3.org\/2000\/svg\"><path d=\"M464 64H48C21.49 64 0 85.49 0 112v288c0 26.51 21.49 48 48 48h416c26.51 0 48-21.49 48-48V112c0-26.51-21.49-48-48-48zm0 48v40.805c-22.422 18.259-58.168 46.651-134.587 106.49-16.841 13.247-50.201 45.072-73.413 44.701-23.208.375-56.579-31.459-73.413-44.701C106.18 199.465 70.425 171.067 48 152.805V112h416zM48 400V214.398c22.914 18.251 55.409 43.862 104.938 82.646 21.857 17.205 60.134 55.186 103.062 54.955 42.717.231 80.509-37.199 103.053-54.947 49.528-38.783 82.032-64.401 104.947-82.653V400H48z\"><\/path><\/svg>\t\t\t\t<\/a>\n\t\t\t<\/div>\n\t\t\t\n\t\t\t\n\t\t<\/div>\n\t\t\t\t\t\t<\/div>\n\t\t\t\t<\/div>\n\t\t\t\t<div class=\"elementor-element elementor-element-d077222 elementor-widget elementor-widget-text-editor\" data-id=\"d077222\" data-element_type=\"widget\" data-e-type=\"widget\" data-widget_type=\"text-editor.default\">\n\t\t\t\t<div class=\"elementor-widget-container\">\n\t\t\t\t\t\t\t\t\t<p><a href=\"mailto:miguel@energiaperfecta.com\">info@energiaperfecta.com<\/a><\/p>\t\t\t\t\t\t\t\t<\/div>\n\t\t\t\t<\/div>\n\t\t\t\t<\/div>\n\t\t<div class=\"elementor-element elementor-element-c1c54a8 e-con-full e-flex e-con e-child\" data-id=\"c1c54a8\" data-element_type=\"container\" data-e-type=\"container\">\n\t\t\t\t<div class=\"elementor-element elementor-element-610e952 elementor-view-default elementor-position-block-start elementor-mobile-position-block-start elementor-widget elementor-widget-icon-box\" data-id=\"610e952\" data-element_type=\"widget\" data-e-type=\"widget\" data-widget_type=\"icon-box.default\">\n\t\t\t\t<div class=\"elementor-widget-container\">\n\t\t\t\t\t\t\t<div class=\"elementor-icon-box-wrapper\">\n\n\t\t\t\t\t\t<div class=\"elementor-icon-box-icon\">\n\t\t\t\t<span  class=\"elementor-icon\">\n\t\t\t\t<svg aria-hidden=\"true\" class=\"e-font-icon-svg e-fas-map-marker-alt\" viewBox=\"0 0 384 512\" xmlns=\"http:\/\/www.w3.org\/2000\/svg\"><path d=\"M172.268 501.67C26.97 291.031 0 269.413 0 192 0 85.961 85.961 0 192 0s192 85.961 192 192c0 77.413-26.97 99.031-172.268 309.67-9.535 13.774-29.93 13.773-39.464 0zM192 272c44.183 0 80-35.817 80-80s-35.817-80-80-80-80 35.817-80 80 35.817 80 80 80z\"><\/path><\/svg>\t\t\t\t<\/span>\n\t\t\t<\/div>\n\t\t\t\n\t\t\t\n\t\t<\/div>\n\t\t\t\t\t\t<\/div>\n\t\t\t\t<\/div>\n\t\t\t\t<div class=\"elementor-element elementor-element-92e45e3 elementor-widget elementor-widget-text-editor\" data-id=\"92e45e3\" data-element_type=\"widget\" data-e-type=\"widget\" data-widget_type=\"text-editor.default\">\n\t\t\t\t<div class=\"elementor-widget-container\">\n\t\t\t\t\t\t\t\t\t<p>Avenue Valdemarin 126, 1B, Madrid, 28023<\/p>\n\t\t\t\t\t\t\t\t<\/div>\n\t\t\t\t<\/div>\n\t\t\t\t<\/div>\n\t\t\t\t<\/div>\n\t\t\t\t<\/div>\n\t\t<div class=\"elementor-element elementor-element-9a28d9d e-con-full e-flex e-con e-child\" data-id=\"9a28d9d\" data-element_type=\"container\" data-e-type=\"container\" data-settings=\"{&quot;background_background&quot;:&quot;classic&quot;}\">\n\t\t\t\t<div class=\"elementor-element elementor-element-c3e6629 elementor-widget__width-initial elementor-invisible elementor-widget elementor-widget-heading\" data-id=\"c3e6629\" data-element_type=\"widget\" data-e-type=\"widget\" data-settings=\"{&quot;_animation&quot;:&quot;fadeInUp&quot;,&quot;_animation_delay&quot;:&quot;300&quot;}\" data-widget_type=\"heading.default\">\n\t\t\t\t<div class=\"elementor-widget-container\">\n\t\t\t\t\t<h2 class=\"elementor-heading-title elementor-size-default\">Email us<\/h2>\t\t\t\t<\/div>\n\t\t\t\t<\/div>\n\t\t\t\t<div class=\"elementor-element elementor-element-f32d355 elementor-invisible elementor-widget elementor-widget-text-editor\" data-id=\"f32d355\" data-element_type=\"widget\" data-e-type=\"widget\" data-settings=\"{&quot;_animation&quot;:&quot;fadeInUp&quot;,&quot;_animation_delay&quot;:&quot;500&quot;}\" data-widget_type=\"text-editor.default\">\n\t\t\t\t<div class=\"elementor-widget-container\">\n\t\t\t\t\t\t\t\t\t<p>We are here to answer your queries, provide you with additional information or assist in whatever you need. \u00a1 We are committed to respond as soon as possible! <\/p>\n\t\t\t\t\t\t\t\t<\/div>\n\t\t\t\t<\/div>\n\t\t\t\t<div class=\"elementor-element elementor-element-f8099d9 elementor-button-align-stretch elementor-widget elementor-widget-form\" data-id=\"f8099d9\" data-element_type=\"widget\" data-e-type=\"widget\" data-settings=\"{&quot;step_next_label&quot;:&quot;Next&quot;,&quot;step_previous_label&quot;:&quot;Previous&quot;,&quot;step_type&quot;:&quot;number_text&quot;,&quot;step_icon_shape&quot;:&quot;circle&quot;}\" data-widget_type=\"form.default\">\n\t\t\t\t<div class=\"elementor-widget-container\">\n\t\t\t\t\t\t\t<form class=\"elementor-form\" method=\"post\" name=\"Form_contacto\" aria-label=\"Form_contacto\">\n\t\t\t<input type=\"hidden\" name=\"post_id\" value=\"9387\"\/>\n\t\t\t<input type=\"hidden\" name=\"form_id\" value=\"f8099d9\"\/>\n\t\t\t<input type=\"hidden\" name=\"referer_title\" value=\"SOLUCIONES DE PERFECCIONAMIENTO ENERGETICO SL\" \/>\n\n\t\t\t\n\t\t\t<div class=\"elementor-form-fields-wrapper elementor-labels-\">\n\t\t\t\t\t\t\t\t<div class=\"elementor-field-type-text elementor-field-group elementor-column elementor-field-group-name elementor-col-100\">\n\t\t\t\t\t\t\t\t\t\t\t\t<label for=\"form-field-name\" class=\"elementor-field-label elementor-screen-only\">\n\t\t\t\t\t\t\t\tName\t\t\t\t\t\t\t<\/label>\n\t\t\t\t\t\t\t\t\t\t\t\t\t\t<input size=\"1\" type=\"text\" name=\"form_fields[name]\" id=\"form-field-name\" class=\"elementor-field elementor-size-sm  elementor-field-textual\" placeholder=\"Name\">\n\t\t\t\t\t\t\t\t\t\t\t<\/div>\n\t\t\t\t\t\t\t\t<div class=\"elementor-field-type-email elementor-field-group elementor-column elementor-field-group-email elementor-col-100 elementor-field-required\">\n\t\t\t\t\t\t\t\t\t\t\t\t<label for=\"form-field-email\" class=\"elementor-field-label elementor-screen-only\">\n\t\t\t\t\t\t\t\tEmail\t\t\t\t\t\t\t<\/label>\n\t\t\t\t\t\t\t\t\t\t\t\t\t\t<input size=\"1\" type=\"email\" name=\"form_fields[email]\" id=\"form-field-email\" class=\"elementor-field elementor-size-sm  elementor-field-textual\" placeholder=\"Email\" required=\"required\">\n\t\t\t\t\t\t\t\t\t\t\t<\/div>\n\t\t\t\t\t\t\t\t<div class=\"elementor-field-type-text elementor-field-group elementor-column elementor-field-group-867c309 elementor-col-100 elementor-field-required\">\n\t\t\t\t\t\t\t\t\t\t\t\t<label for=\"form-field-867c309\" class=\"elementor-field-label elementor-screen-only\">\n\t\t\t\t\t\t\t\tsubject\t\t\t\t\t\t\t<\/label>\n\t\t\t\t\t\t\t\t\t\t\t\t\t\t<input size=\"1\" type=\"text\" name=\"form_fields[867c309]\" id=\"form-field-867c309\" class=\"elementor-field elementor-size-sm  elementor-field-textual\" placeholder=\"subject\" required=\"required\">\n\t\t\t\t\t\t\t\t\t\t\t<\/div>\n\t\t\t\t\t\t\t\t<div class=\"elementor-field-type-textarea elementor-field-group elementor-column elementor-field-group-message elementor-col-100\">\n\t\t\t\t\t\t\t\t\t\t\t\t<label for=\"form-field-message\" class=\"elementor-field-label elementor-screen-only\">\n\t\t\t\t\t\t\t\tmessage\t\t\t\t\t\t\t<\/label>\n\t\t\t\t\t\t<textarea class=\"elementor-field-textual elementor-field  elementor-size-sm\" name=\"form_fields[message]\" id=\"form-field-message\" rows=\"4\" placeholder=\"message\"><\/textarea>\t\t\t\t<\/div>\n\t\t\t\t\t\t\t\t<div class=\"elementor-field-type-recaptcha_v3 elementor-field-group elementor-column elementor-field-group-field_bd89924 elementor-col-100 recaptcha_v3-bottomright\">\n\t\t\t\t\t<div class=\"elementor-field\" id=\"form-field-field_bd89924\"><div class=\"elementor-g-recaptcha\" data-sitekey=\"6LeXS_sqAAAAAE7M7I3dUmLs8-Z_NB-aZvEBlrKE\" data-type=\"v3\" data-action=\"Form\" data-badge=\"bottomright\" data-size=\"invisible\"><\/div><\/div>\t\t\t\t<\/div>\n\t\t\t\t\t\t\t\t<div class=\"elementor-field-group elementor-column elementor-field-type-submit elementor-col-100 e-form__buttons\">\n\t\t\t\t\t<button class=\"elementor-button elementor-size-sm\" type=\"submit\">\n\t\t\t\t\t\t<span class=\"elementor-button-content-wrapper\">\n\t\t\t\t\t\t\t\t\t\t\t\t\t\t\t\t\t\t\t\t\t\t<span class=\"elementor-button-text\">Send<\/span>\n\t\t\t\t\t\t\t\t\t\t\t\t\t<\/span>\n\t\t\t\t\t<\/button>\n\t\t\t\t<\/div>\n\t\t\t<\/div>\n\t\t<\/form>\n\t\t\t\t\t\t<\/div>\n\t\t\t\t<\/div>\n\t\t\t\t<\/div>\n\t\t\t\t\t<\/div>\n\t\t\t\t<\/div>\n\t\t\t\t<\/div>\n\t\t","protected":false},"excerpt":{"rendered":"<p>Contact ustoday +34915483025 miguel@energiaperfecta.com Avenue Valdemarin 126, 1B, Madrid, 28023 Email us We are here to answer your queries, provide you with additional information or assist in whatever you need. \u00a1 We are committed to respond as soon as possible!<\/p>\n","protected":false},"author":5,"featured_media":0,"parent":0,"menu_order":0,"comment_status":"closed","ping_status":"closed","template":"elementor_header_footer","meta":{"_acf_changed":false,"footnotes":""},"class_list":["post-9387","page","type-page","status-publish"],"yoast_head":"<!-- This site is optimized with the Yoast SEO plugin v27.5 - https:\/\/yoast.com\/product\/yoast-seo-wordpress\/ -->\n<title>Specialized energy engineering - Know our expertise<\/title>\n<meta name=\"description\" content=\"We are specialists in energy engineering for companies. More than 20 years developing sustainable solutions adapted to each client.\" \/>\n<meta name=\"robots\" content=\"index, follow, max-snippet:-1, max-image-preview:large, max-video-preview:-1\" \/>\n<link rel=\"canonical\" href=\"https:\/\/energiaperfecta.es\/contacto\/\" \/>\n<meta property=\"og:locale\" content=\"en_US\" \/>\n<meta property=\"og:type\" content=\"article\" \/>\n<meta property=\"og:title\" content=\"Specialized energy engineering - Know our expertise\" \/>\n<meta property=\"og:description\" content=\"We are specialists in energy engineering for companies. More than 20 years developing sustainable solutions adapted to each client.\" \/>\n<meta property=\"og:url\" content=\"https:\/\/energiaperfecta.es\/contacto\/\" \/>\n<meta property=\"og:site_name\" content=\"SOLUCIONES DE PERFECCIONAMIENTO ENERGETICO SL\" \/>\n<meta property=\"article:modified_time\" content=\"2025-10-08T13:28:25+00:00\" \/>\n<meta name=\"twitter:card\" content=\"summary_large_image\" \/>\n<meta name=\"twitter:label1\" content=\"Est. reading time\" \/>\n\t<meta name=\"twitter:data1\" content=\"1 minute\" \/>\n<script type=\"application\/ld+json\" class=\"yoast-schema-graph\">{\"@context\":\"https:\\\/\\\/schema.org\",\"@graph\":[{\"@type\":\"WebPage\",\"@id\":\"https:\\\/\\\/energiaperfecta.es\\\/contacto\\\/\",\"url\":\"https:\\\/\\\/energiaperfecta.es\\\/contacto\\\/\",\"name\":\"Specialized energy engineering - Know our expertise\",\"isPartOf\":{\"@id\":\"https:\\\/\\\/energiaperfecta.es\\\/#website\"},\"datePublished\":\"2024-06-07T14:27:22+00:00\",\"dateModified\":\"2025-10-08T13:28:25+00:00\",\"description\":\"We are specialists in energy engineering for companies. More than 20 years developing sustainable solutions adapted to each client.\",\"breadcrumb\":{\"@id\":\"https:\\\/\\\/energiaperfecta.es\\\/contacto\\\/#breadcrumb\"},\"inLanguage\":\"en-US\",\"potentialAction\":[{\"@type\":\"ReadAction\",\"target\":[\"https:\\\/\\\/energiaperfecta.es\\\/contacto\\\/\"]}]},{\"@type\":\"BreadcrumbList\",\"@id\":\"https:\\\/\\\/energiaperfecta.es\\\/contacto\\\/#breadcrumb\",\"itemListElement\":[{\"@type\":\"ListItem\",\"position\":1,\"name\":\"Portada\",\"item\":\"https:\\\/\\\/energiaperfecta.es\\\/\"},{\"@type\":\"ListItem\",\"position\":2,\"name\":\"Contact\"}]},{\"@type\":\"WebSite\",\"@id\":\"https:\\\/\\\/energiaperfecta.es\\\/#website\",\"url\":\"https:\\\/\\\/energiaperfecta.es\\\/\",\"name\":\"SOLUCIONES DE PERFECCIONAMIENTO ENERGETICO SL\",\"description\":\"Instalaciones el\u00e9ctricas en general. Instalaciones de redes telegr\u00e1ficas, telef\u00f3nicas, telefon\u00eda sin hilos y televisi\u00f3n\",\"publisher\":{\"@id\":\"https:\\\/\\\/energiaperfecta.es\\\/#organization\"},\"potentialAction\":[{\"@type\":\"SearchAction\",\"target\":{\"@type\":\"EntryPoint\",\"urlTemplate\":\"https:\\\/\\\/energiaperfecta.es\\\/?s={search_term_string}\"},\"query-input\":{\"@type\":\"PropertyValueSpecification\",\"valueRequired\":true,\"valueName\":\"search_term_string\"}}],\"inLanguage\":\"en-US\"},{\"@type\":\"Organization\",\"@id\":\"https:\\\/\\\/energiaperfecta.es\\\/#organization\",\"name\":\"SOLUCIONES DE PERFECCIONAMIENTO ENERGETICO SL\",\"url\":\"https:\\\/\\\/energiaperfecta.es\\\/\",\"logo\":{\"@type\":\"ImageObject\",\"inLanguage\":\"en-US\",\"@id\":\"https:\\\/\\\/energiaperfecta.es\\\/#\\\/schema\\\/logo\\\/image\\\/\",\"url\":\"https:\\\/\\\/energiaperfecta.es\\\/wp-content\\\/uploads\\\/sites\\\/37\\\/2024\\\/05\\\/PerfectPowerGroup_Logo-scaled.jpg\",\"contentUrl\":\"https:\\\/\\\/energiaperfecta.es\\\/wp-content\\\/uploads\\\/sites\\\/37\\\/2024\\\/05\\\/PerfectPowerGroup_Logo-scaled.jpg\",\"width\":2560,\"height\":433,\"caption\":\"SOLUCIONES DE PERFECCIONAMIENTO ENERGETICO SL\"},\"image\":{\"@id\":\"https:\\\/\\\/energiaperfecta.es\\\/#\\\/schema\\\/logo\\\/image\\\/\"}}]}<\/script>\n<!-- \/ Yoast SEO plugin. -->","yoast_head_json":{"title":"Specialized energy engineering - Know our expertise","description":"We are specialists in energy engineering for companies. More than 20 years developing sustainable solutions adapted to each client.","robots":{"index":"index","follow":"follow","max-snippet":"max-snippet:-1","max-image-preview":"max-image-preview:large","max-video-preview":"max-video-preview:-1"},"canonical":"https:\/\/energiaperfecta.es\/contacto\/","og_locale":"en_US","og_type":"article","og_title":"Specialized energy engineering - Know our expertise","og_description":"We are specialists in energy engineering for companies. More than 20 years developing sustainable solutions adapted to each client.","og_url":"https:\/\/energiaperfecta.es\/contacto\/","og_site_name":"SOLUCIONES DE PERFECCIONAMIENTO ENERGETICO SL","article_modified_time":"2025-10-08T13:28:25+00:00","twitter_card":"summary_large_image","twitter_misc":{"Est. reading time":"1 minute"},"schema":{"@context":"https:\/\/schema.org","@graph":[{"@type":"WebPage","@id":"https:\/\/energiaperfecta.es\/contacto\/","url":"https:\/\/energiaperfecta.es\/contacto\/","name":"Specialized energy engineering - Know our expertise","isPartOf":{"@id":"https:\/\/energiaperfecta.es\/#website"},"datePublished":"2024-06-07T14:27:22+00:00","dateModified":"2025-10-08T13:28:25+00:00","description":"We are specialists in energy engineering for companies. More than 20 years developing sustainable solutions adapted to each client.","breadcrumb":{"@id":"https:\/\/energiaperfecta.es\/contacto\/#breadcrumb"},"inLanguage":"en-US","potentialAction":[{"@type":"ReadAction","target":["https:\/\/energiaperfecta.es\/contacto\/"]}]},{"@type":"BreadcrumbList","@id":"https:\/\/energiaperfecta.es\/contacto\/#breadcrumb","itemListElement":[{"@type":"ListItem","position":1,"name":"Portada","item":"https:\/\/energiaperfecta.es\/"},{"@type":"ListItem","position":2,"name":"Contact"}]},{"@type":"WebSite","@id":"https:\/\/energiaperfecta.es\/#website","url":"https:\/\/energiaperfecta.es\/","name":"SOLUCIONES DE PERFECCIONAMIENTO ENERGETICO SL","description":"Instalaciones el\u00e9ctricas en general. Instalaciones de redes telegr\u00e1ficas, telef\u00f3nicas, telefon\u00eda sin hilos y televisi\u00f3n","publisher":{"@id":"https:\/\/energiaperfecta.es\/#organization"},"potentialAction":[{"@type":"SearchAction","target":{"@type":"EntryPoint","urlTemplate":"https:\/\/energiaperfecta.es\/?s={search_term_string}"},"query-input":{"@type":"PropertyValueSpecification","valueRequired":true,"valueName":"search_term_string"}}],"inLanguage":"en-US"},{"@type":"Organization","@id":"https:\/\/energiaperfecta.es\/#organization","name":"SOLUCIONES DE PERFECCIONAMIENTO ENERGETICO SL","url":"https:\/\/energiaperfecta.es\/","logo":{"@type":"ImageObject","inLanguage":"en-US","@id":"https:\/\/energiaperfecta.es\/#\/schema\/logo\/image\/","url":"https:\/\/energiaperfecta.es\/wp-content\/uploads\/sites\/37\/2024\/05\/PerfectPowerGroup_Logo-scaled.jpg","contentUrl":"https:\/\/energiaperfecta.es\/wp-content\/uploads\/sites\/37\/2024\/05\/PerfectPowerGroup_Logo-scaled.jpg","width":2560,"height":433,"caption":"SOLUCIONES DE PERFECCIONAMIENTO ENERGETICO SL"},"image":{"@id":"https:\/\/energiaperfecta.es\/#\/schema\/logo\/image\/"}}]}},"acf":[],"_links":{"self":[{"href":"https:\/\/energiaperfecta.es\/en\/wp-json\/wp\/v2\/pages\/9387","targetHints":{"allow":["GET"]}}],"collection":[{"href":"https:\/\/energiaperfecta.es\/en\/wp-json\/wp\/v2\/pages"}],"about":[{"href":"https:\/\/energiaperfecta.es\/en\/wp-json\/wp\/v2\/types\/page"}],"author":[{"embeddable":true,"href":"https:\/\/energiaperfecta.es\/en\/wp-json\/wp\/v2\/users\/5"}],"replies":[{"embeddable":true,"href":"https:\/\/energiaperfecta.es\/en\/wp-json\/wp\/v2\/comments?post=9387"}],"version-history":[{"count":0,"href":"https:\/\/energiaperfecta.es\/en\/wp-json\/wp\/v2\/pages\/9387\/revisions"}],"wp:attachment":[{"href":"https:\/\/energiaperfecta.es\/en\/wp-json\/wp\/v2\/media?parent=9387"}],"curies":[{"name":"wp","href":"https:\/\/api.w.org\/{rel}","templated":true}]}}