{"id":9396,"date":"2024-05-21T13:09:12","date_gmt":"2024-05-21T11:09:12","guid":{"rendered":"https:\/\/energiaperfecta.es\/legal-notice\/"},"modified":"2025-09-10T17:02:20","modified_gmt":"2025-09-10T15:02:20","slug":"legal-notice","status":"publish","type":"page","link":"https:\/\/energiaperfecta.es\/en\/legal-notice\/","title":{"rendered":"Legal notice"},"content":{"rendered":"\t\t<div data-elementor-type=\"wp-page\" data-elementor-id=\"9396\" class=\"elementor elementor-9396 elementor-1927\" data-elementor-post-type=\"page\">\n\t\t\t\t<div class=\"elementor-element elementor-element-583446c1 e-con-full e-flex e-con e-parent\" data-id=\"583446c1\" data-element_type=\"container\" data-e-type=\"container\" data-settings=\"{&quot;background_background&quot;:&quot;classic&quot;}\">\n\t\t\t\t<div class=\"elementor-element elementor-element-b670a20 elementor-widget elementor-widget-heading\" data-id=\"b670a20\" data-element_type=\"widget\" data-e-type=\"widget\" data-widget_type=\"heading.default\">\n\t\t\t\t<div class=\"elementor-widget-container\">\n\t\t\t\t\t<h2 class=\"elementor-heading-title elementor-size-default\">Accessibility policy<\/h2>\t\t\t\t<\/div>\n\t\t\t\t<\/div>\n\t\t\t\t<\/div>\n\t\t<div class=\"elementor-element elementor-element-4cd0ebfb e-flex e-con-boxed e-con e-parent\" data-id=\"4cd0ebfb\" data-element_type=\"container\" data-e-type=\"container\">\n\t\t\t\t\t<div class=\"e-con-inner\">\n\t\t\t\t<div class=\"elementor-element elementor-element-59d002be elementor-widget elementor-widget-text-editor\" data-id=\"59d002be\" data-element_type=\"widget\" data-e-type=\"widget\" data-widget_type=\"text-editor.default\">\n\t\t\t\t<div class=\"elementor-widget-container\">\n\t\t\t\t\t\t\t\t\t<p><span style=\"font-weight: 400\">En la construcci\u00f3n de la p\u00e1gina web de SOLUCIONES DE PERFECCIONAMIENTO ENERGETICO SL<\/span><span style=\"font-weight: 400\"> se han adoptado medidas con el objetivo de que el mayor n\u00famero posible de personas puedan llegar a la informaci\u00f3n que se transmite en ella independientemente de las limitaciones de la persona o de las que se deriven del contexto de uso.<\/span><\/p>\n<p><span style=\"font-weight: 400\">The following aspects have been taken into account in the design of the portal:<\/span><\/p>\n<ul>\n<li style=\"font-weight: 400\"><span style=\"font-weight: 400\"><span style=\"font-weight: 400\">Use of CSS for the presentation of information.<\/span><\/span>\n<p><\/p>\n<\/li>\n<li style=\"font-weight: 400\"><span style=\"font-weight: 400\"><span style=\"font-weight: 400\">Marking labels.<\/span><\/span>\n<p><\/p>\n<\/li>\n<li style=\"font-weight: 400\"><span style=\"font-weight: 400\">Usable, intuitive and alternative navigation systems.<\/span><\/li>\n<li style=\"font-weight: 400\"><span style=\"font-weight: 400\">Alternative descriptions in the images.<\/span><\/li>\n<li style=\"font-weight: 400\"><span style=\"font-weight: 400\">Checks on display with different browsers and devices.<\/span><\/li>\n<li style=\"font-weight: 400\"><span style=\"font-weight: 400\">Use of universal and alternative formats.<\/span><\/li>\n<li style=\"font-weight: 400\"><span style=\"font-weight: 400\">Links provide details of the function or destination of the hyperlink.<\/span><\/li>\n<li style=\"font-weight: 400\"><span style=\"font-weight: 400\">Use of W3C standards.<\/span><\/li>\n<li style=\"font-weight: 400\"><span style=\"font-weight: 400\">Keyboard shortcut access to the main options.<\/span><\/li>\n<\/ul>\n<h3><span style=\"font-weight: 400\">Compliance with the standards<\/span><\/h3>\n<p><span style=\"font-weight: 400\">The pages of this website comply with the AA mark according to Standard UNE 139803:2004 and the Accessibility Guidelines for Web Content 1.0 of the W3C. All Priority 1 and Priority 2 requirements and a subset of Priority 3 requirements have been tested with manual accessibility analysis through different semi-automatic tools and user agents. <\/span><\/p>\n<h3><span style=\"font-weight: 400\">Keyboard shortcuts<\/span><\/h3>\n<p><span style=\"font-weight: 400\">In this Web you can make ordered jumps in the content with the Tab key.<\/span><\/p>\n<h3><span style=\"font-weight: 400\">Size of text<\/span><\/h3>\n<p><span style=\"font-weight: 400\">The accessible design allows the user to adjust the fonts to the size that suits them. This action can be carried out in different ways depending on the web browser used. Below is the menu action where this functionality is found in the most common browsers: <\/span><\/p>\n<ul>\n<li style=\"font-weight: 400\"><span style=\"font-weight: 400\">&gt;View &gt; Increase Internet<\/span><\/li>\n<li style=\"font-weight: 400\"><span style=\"font-weight: 400\">&gt;View&gt; Larger<\/span><\/li>\n<li style=\"font-weight: 400\"><span style=\"font-weight: 400\">Opera: View &gt;&gt;Zoom %<\/span><\/li>\n<li style=\"font-weight: 400\"><span style=\"font-weight: 400\">&gt;View Make text bigger<\/span><\/li>\n<li style=\"font-weight: 400\"><span style=\"font-weight: 400\">&gt;Herramientas Zoom<\/span><\/li>\n<\/ul>\n<h3><span style=\"font-weight: 400\">Technical configuration<\/span><\/h3>\n<p><span style=\"font-weight: 400\">Las p\u00e1ginas web est\u00e1n creadas con el CMS WordPress <\/span><span style=\"font-weight: 400\"><b>6.7.2<\/b><\/span><\/p>\n<h3><span style=\"font-weight: 400\">Useful information on accessibility<\/span><\/h3>\n<p><span style=\"font-weight: 400\">A number of links, organized in different categories and useful for further information on accessibility, are set out below.<\/span><\/p>\n<h4><span style=\"font-weight: 400\">Accesibilidad normas y documentos t\u00e9cnicos:<\/span><\/h4>\n<p><a href=\"http:\/\/www.w3c.org\/\"><span style=\"font-weight: 400\">http:\/\/www.w3c.org\/<\/span><span style=\"font-weight: 400\"><br><\/span><\/a><span style=\"font-weight: 400\">World Wide Web Consortium, an international working group that gives general guidelines on the web.<br><\/span><\/p>\n<p><a href=\"http:\/\/www.w3c.org\/wai\/\"><span style=\"font-weight: 400\">http:\/\/www.w3c.org\/wai\/<\/span><span style=\"font-weight: 400\"><br><\/span><\/a><span style=\"font-weight: 400\">W3C Web Accessibility Initiative.<\/span><\/p>\t\t\t\t\t\t\t\t<\/div>\n\t\t\t\t<\/div>\n\t\t\t\t\t<\/div>\n\t\t\t\t<\/div>\n\t\t\t\t<\/div>\n\t\t","protected":false},"excerpt":{"rendered":"<p>Accessibility policy En la construcci\u00f3n de la p\u00e1gina web de SOLUCIONES DE PERFECCIONAMIENTO ENERGETICO SL se han adoptado medidas con el objetivo de que el mayor n\u00famero posible de personas puedan llegar a la informaci\u00f3n que se transmite en ella, independientemente de las limitaciones de la persona o de las que se deriven del contexto &#8230; <a title=\"Legal notice\" class=\"read-more\" href=\"https:\/\/energiaperfecta.es\/en\/legal-notice\/\" aria-label=\"Read more about Legal notice\">Read more<\/a><\/p>\n","protected":false},"author":5,"featured_media":0,"parent":0,"menu_order":0,"comment_status":"closed","ping_status":"closed","template":"elementor_header_footer","meta":{"_acf_changed":false,"footnotes":""},"class_list":["post-9396","page","type-page","status-publish"],"yoast_head":"<!-- This site is optimized with the Yoast SEO plugin v27.5 - https:\/\/yoast.com\/product\/yoast-seo-wordpress\/ -->\n<title>Legal notice - SOLUCIONES DE PERFECCIONAMIENTO ENERGETICO SL<\/title>\n<meta name=\"robots\" content=\"index, follow, max-snippet:-1, max-image-preview:large, max-video-preview:-1\" \/>\n<link rel=\"canonical\" href=\"https:\/\/energiaperfecta.es\/legal-notice\/\" \/>\n<meta property=\"og:locale\" content=\"en_US\" \/>\n<meta property=\"og:type\" content=\"article\" \/>\n<meta property=\"og:title\" content=\"Legal notice - SOLUCIONES DE PERFECCIONAMIENTO ENERGETICO SL\" \/>\n<meta property=\"og:description\" content=\"Accessibility policy En la construcci\u00f3n de la p\u00e1gina web de SOLUCIONES DE PERFECCIONAMIENTO ENERGETICO SL se han adoptado medidas con el objetivo de que el mayor n\u00famero posible de personas puedan llegar a la informaci\u00f3n que se transmite en ella, independientemente de las limitaciones de la persona o de las que se deriven del contexto ... Read more\" \/>\n<meta property=\"og:url\" content=\"https:\/\/energiaperfecta.es\/legal-notice\/\" \/>\n<meta property=\"og:site_name\" content=\"SOLUCIONES DE PERFECCIONAMIENTO ENERGETICO SL\" \/>\n<meta property=\"article:modified_time\" content=\"2025-09-10T15:02:20+00:00\" \/>\n<meta name=\"twitter:card\" content=\"summary_large_image\" \/>\n<meta name=\"twitter:label1\" content=\"Est. reading time\" \/>\n\t<meta name=\"twitter:data1\" content=\"2 minutes\" \/>\n<script type=\"application\/ld+json\" class=\"yoast-schema-graph\">{\"@context\":\"https:\\\/\\\/schema.org\",\"@graph\":[{\"@type\":\"WebPage\",\"@id\":\"https:\\\/\\\/energiaperfecta.es\\\/legal-notice\\\/\",\"url\":\"https:\\\/\\\/energiaperfecta.es\\\/legal-notice\\\/\",\"name\":\"Legal notice - SOLUCIONES DE PERFECCIONAMIENTO ENERGETICO SL\",\"isPartOf\":{\"@id\":\"https:\\\/\\\/energiaperfecta.es\\\/#website\"},\"datePublished\":\"2024-05-21T11:09:12+00:00\",\"dateModified\":\"2025-09-10T15:02:20+00:00\",\"breadcrumb\":{\"@id\":\"https:\\\/\\\/energiaperfecta.es\\\/legal-notice\\\/#breadcrumb\"},\"inLanguage\":\"en-US\",\"potentialAction\":[{\"@type\":\"ReadAction\",\"target\":[\"https:\\\/\\\/energiaperfecta.es\\\/legal-notice\\\/\"]}]},{\"@type\":\"BreadcrumbList\",\"@id\":\"https:\\\/\\\/energiaperfecta.es\\\/legal-notice\\\/#breadcrumb\",\"itemListElement\":[{\"@type\":\"ListItem\",\"position\":1,\"name\":\"Portada\",\"item\":\"https:\\\/\\\/energiaperfecta.es\\\/\"},{\"@type\":\"ListItem\",\"position\":2,\"name\":\"Legal notice\"}]},{\"@type\":\"WebSite\",\"@id\":\"https:\\\/\\\/energiaperfecta.es\\\/#website\",\"url\":\"https:\\\/\\\/energiaperfecta.es\\\/\",\"name\":\"SOLUCIONES DE PERFECCIONAMIENTO ENERGETICO SL\",\"description\":\"Instalaciones el\u00e9ctricas en general. Instalaciones de redes telegr\u00e1ficas, telef\u00f3nicas, telefon\u00eda sin hilos y televisi\u00f3n\",\"publisher\":{\"@id\":\"https:\\\/\\\/energiaperfecta.es\\\/#organization\"},\"potentialAction\":[{\"@type\":\"SearchAction\",\"target\":{\"@type\":\"EntryPoint\",\"urlTemplate\":\"https:\\\/\\\/energiaperfecta.es\\\/?s={search_term_string}\"},\"query-input\":{\"@type\":\"PropertyValueSpecification\",\"valueRequired\":true,\"valueName\":\"search_term_string\"}}],\"inLanguage\":\"en-US\"},{\"@type\":\"Organization\",\"@id\":\"https:\\\/\\\/energiaperfecta.es\\\/#organization\",\"name\":\"SOLUCIONES DE PERFECCIONAMIENTO ENERGETICO SL\",\"url\":\"https:\\\/\\\/energiaperfecta.es\\\/\",\"logo\":{\"@type\":\"ImageObject\",\"inLanguage\":\"en-US\",\"@id\":\"https:\\\/\\\/energiaperfecta.es\\\/#\\\/schema\\\/logo\\\/image\\\/\",\"url\":\"https:\\\/\\\/energiaperfecta.es\\\/wp-content\\\/uploads\\\/sites\\\/37\\\/2024\\\/05\\\/PerfectPowerGroup_Logo-scaled.jpg\",\"contentUrl\":\"https:\\\/\\\/energiaperfecta.es\\\/wp-content\\\/uploads\\\/sites\\\/37\\\/2024\\\/05\\\/PerfectPowerGroup_Logo-scaled.jpg\",\"width\":2560,\"height\":433,\"caption\":\"SOLUCIONES DE PERFECCIONAMIENTO ENERGETICO SL\"},\"image\":{\"@id\":\"https:\\\/\\\/energiaperfecta.es\\\/#\\\/schema\\\/logo\\\/image\\\/\"}}]}<\/script>\n<!-- \/ Yoast SEO plugin. -->","yoast_head_json":{"title":"Legal notice - SOLUCIONES DE PERFECCIONAMIENTO ENERGETICO SL","robots":{"index":"index","follow":"follow","max-snippet":"max-snippet:-1","max-image-preview":"max-image-preview:large","max-video-preview":"max-video-preview:-1"},"canonical":"https:\/\/energiaperfecta.es\/legal-notice\/","og_locale":"en_US","og_type":"article","og_title":"Legal notice - SOLUCIONES DE PERFECCIONAMIENTO ENERGETICO SL","og_description":"Accessibility policy En la construcci\u00f3n de la p\u00e1gina web de SOLUCIONES DE PERFECCIONAMIENTO ENERGETICO SL se han adoptado medidas con el objetivo de que el mayor n\u00famero posible de personas puedan llegar a la informaci\u00f3n que se transmite en ella, independientemente de las limitaciones de la persona o de las que se deriven del contexto ... Read more","og_url":"https:\/\/energiaperfecta.es\/legal-notice\/","og_site_name":"SOLUCIONES DE PERFECCIONAMIENTO ENERGETICO SL","article_modified_time":"2025-09-10T15:02:20+00:00","twitter_card":"summary_large_image","twitter_misc":{"Est. reading time":"2 minutes"},"schema":{"@context":"https:\/\/schema.org","@graph":[{"@type":"WebPage","@id":"https:\/\/energiaperfecta.es\/legal-notice\/","url":"https:\/\/energiaperfecta.es\/legal-notice\/","name":"Legal notice - SOLUCIONES DE PERFECCIONAMIENTO ENERGETICO SL","isPartOf":{"@id":"https:\/\/energiaperfecta.es\/#website"},"datePublished":"2024-05-21T11:09:12+00:00","dateModified":"2025-09-10T15:02:20+00:00","breadcrumb":{"@id":"https:\/\/energiaperfecta.es\/legal-notice\/#breadcrumb"},"inLanguage":"en-US","potentialAction":[{"@type":"ReadAction","target":["https:\/\/energiaperfecta.es\/legal-notice\/"]}]},{"@type":"BreadcrumbList","@id":"https:\/\/energiaperfecta.es\/legal-notice\/#breadcrumb","itemListElement":[{"@type":"ListItem","position":1,"name":"Portada","item":"https:\/\/energiaperfecta.es\/"},{"@type":"ListItem","position":2,"name":"Legal notice"}]},{"@type":"WebSite","@id":"https:\/\/energiaperfecta.es\/#website","url":"https:\/\/energiaperfecta.es\/","name":"SOLUCIONES DE PERFECCIONAMIENTO ENERGETICO SL","description":"Instalaciones el\u00e9ctricas en general. Instalaciones de redes telegr\u00e1ficas, telef\u00f3nicas, telefon\u00eda sin hilos y televisi\u00f3n","publisher":{"@id":"https:\/\/energiaperfecta.es\/#organization"},"potentialAction":[{"@type":"SearchAction","target":{"@type":"EntryPoint","urlTemplate":"https:\/\/energiaperfecta.es\/?s={search_term_string}"},"query-input":{"@type":"PropertyValueSpecification","valueRequired":true,"valueName":"search_term_string"}}],"inLanguage":"en-US"},{"@type":"Organization","@id":"https:\/\/energiaperfecta.es\/#organization","name":"SOLUCIONES DE PERFECCIONAMIENTO ENERGETICO SL","url":"https:\/\/energiaperfecta.es\/","logo":{"@type":"ImageObject","inLanguage":"en-US","@id":"https:\/\/energiaperfecta.es\/#\/schema\/logo\/image\/","url":"https:\/\/energiaperfecta.es\/wp-content\/uploads\/sites\/37\/2024\/05\/PerfectPowerGroup_Logo-scaled.jpg","contentUrl":"https:\/\/energiaperfecta.es\/wp-content\/uploads\/sites\/37\/2024\/05\/PerfectPowerGroup_Logo-scaled.jpg","width":2560,"height":433,"caption":"SOLUCIONES DE PERFECCIONAMIENTO ENERGETICO SL"},"image":{"@id":"https:\/\/energiaperfecta.es\/#\/schema\/logo\/image\/"}}]}},"acf":[],"_links":{"self":[{"href":"https:\/\/energiaperfecta.es\/en\/wp-json\/wp\/v2\/pages\/9396","targetHints":{"allow":["GET"]}}],"collection":[{"href":"https:\/\/energiaperfecta.es\/en\/wp-json\/wp\/v2\/pages"}],"about":[{"href":"https:\/\/energiaperfecta.es\/en\/wp-json\/wp\/v2\/types\/page"}],"author":[{"embeddable":true,"href":"https:\/\/energiaperfecta.es\/en\/wp-json\/wp\/v2\/users\/5"}],"replies":[{"embeddable":true,"href":"https:\/\/energiaperfecta.es\/en\/wp-json\/wp\/v2\/comments?post=9396"}],"version-history":[{"count":0,"href":"https:\/\/energiaperfecta.es\/en\/wp-json\/wp\/v2\/pages\/9396\/revisions"}],"wp:attachment":[{"href":"https:\/\/energiaperfecta.es\/en\/wp-json\/wp\/v2\/media?parent=9396"}],"curies":[{"name":"wp","href":"https:\/\/api.w.org\/{rel}","templated":true}]}}