{"id":9937,"date":"2025-07-04T16:21:56","date_gmt":"2025-07-04T14:21:56","guid":{"rendered":"https:\/\/energiaperfecta.es\/blog\/"},"modified":"2025-07-04T16:21:56","modified_gmt":"2025-07-04T14:21:56","slug":"blog","status":"publish","type":"page","link":"https:\/\/energiaperfecta.es\/en\/blog\/","title":{"rendered":"Blog"},"content":{"rendered":"\t\t<div data-elementor-type=\"wp-page\" data-elementor-id=\"9937\" class=\"elementor elementor-9937 elementor-9487\" data-elementor-post-type=\"page\">\n\t\t\t\t<div class=\"elementor-element elementor-element-2692c657 e-con-full e-flex e-con e-parent\" data-id=\"2692c657\" data-element_type=\"container\" data-e-type=\"container\" data-settings=\"{&quot;background_background&quot;:&quot;slideshow&quot;,&quot;background_slideshow_gallery&quot;:[{&quot;id&quot;:&quot;9215&quot;,&quot;url&quot;:&quot;https:\\\/\\\/energiaperfecta.es\\\/wp-content\\\/uploads\\\/sites\\\/37\\\/2025\\\/06\\\/2148_result.webp&quot;}],&quot;background_slideshow_loop&quot;:&quot;yes&quot;,&quot;background_slideshow_slide_duration&quot;:5000,&quot;background_slideshow_slide_transition&quot;:&quot;fade&quot;,&quot;background_slideshow_transition_duration&quot;:500}\">\n\t\t<div class=\"elementor-element elementor-element-43e29004 e-con-full e-flex e-con e-child\" data-id=\"43e29004\" data-element_type=\"container\" data-e-type=\"container\" data-settings=\"{&quot;background_background&quot;:&quot;classic&quot;}\">\n\t\t\t\t<div class=\"elementor-element elementor-element-483d9ecd elementor-widget__width-initial elementor-invisible elementor-widget elementor-widget-heading\" data-id=\"483d9ecd\" data-element_type=\"widget\" data-e-type=\"widget\" data-settings=\"{&quot;_animation&quot;:&quot;fadeInUp&quot;,&quot;_animation_delay&quot;:&quot;300&quot;}\" data-widget_type=\"heading.default\">\n\t\t\t\t<div class=\"elementor-widget-container\">\n\t\t\t\t\t<h2 class=\"elementor-heading-title elementor-size-default\">BLOG<\/h2>\t\t\t\t<\/div>\n\t\t\t\t<\/div>\n\t\t\t\t<\/div>\n\t\t\t\t<\/div>\n\t\t<div class=\"elementor-element elementor-element-ad18caa e-flex e-con-boxed e-con e-parent\" data-id=\"ad18caa\" data-element_type=\"container\" data-e-type=\"container\">\n\t\t\t\t\t<div class=\"e-con-inner\">\n\t\t<div class=\"elementor-element elementor-element-182131f e-con-full e-flex e-con e-child\" data-id=\"182131f\" data-element_type=\"container\" data-e-type=\"container\">\n\t\t\t\t<div class=\"elementor-element elementor-element-508271b elementor-grid-3 elementor-grid-tablet-2 elementor-grid-mobile-1 elementor-posts--thumbnail-top elementor-card-shadow-yes elementor-posts__hover-gradient elementor-widget elementor-widget-posts\" data-id=\"508271b\" data-element_type=\"widget\" data-e-type=\"widget\" data-settings=\"{&quot;cards_columns&quot;:&quot;3&quot;,&quot;cards_columns_tablet&quot;:&quot;2&quot;,&quot;cards_columns_mobile&quot;:&quot;1&quot;,&quot;cards_row_gap&quot;:{&quot;unit&quot;:&quot;px&quot;,&quot;size&quot;:35,&quot;sizes&quot;:[]},&quot;cards_row_gap_tablet&quot;:{&quot;unit&quot;:&quot;px&quot;,&quot;size&quot;:&quot;&quot;,&quot;sizes&quot;:[]},&quot;cards_row_gap_mobile&quot;:{&quot;unit&quot;:&quot;px&quot;,&quot;size&quot;:&quot;&quot;,&quot;sizes&quot;:[]}}\" data-widget_type=\"posts.cards\">\n\t\t\t\t<div class=\"elementor-widget-container\">\n\t\t\t\t\t\t\t<div class=\"elementor-posts-container elementor-posts elementor-posts--skin-cards elementor-grid\" role=\"list\">\n\t\t\t\t<article class=\"elementor-post elementor-grid-item post-9958 post type-post status-publish format-standard has-post-thumbnail hentry category-sin-categorizar\" role=\"listitem\">\n\t\t\t<div class=\"elementor-post__card\">\n\t\t\t\t<a class=\"elementor-post__thumbnail__link\" href=\"https:\/\/energiaperfecta.es\/en\/what-renewable-energy-technologies-exist-and-which-one-is-best-for-you\/\" tabindex=\"-1\" ><div class=\"elementor-post__thumbnail\"><img fetchpriority=\"high\" decoding=\"async\" width=\"960\" height=\"640\" src=\"https:\/\/energiaperfecta.es\/wp-content\/uploads\/sites\/37\/2025\/07\/energias-renovables.jpg\" class=\"attachment-full size-full wp-image-9504\" alt=\"Paneles solares en espa\u00f1a\" srcset=\"https:\/\/energiaperfecta.es\/wp-content\/uploads\/sites\/37\/2025\/07\/energias-renovables.jpg 960w, https:\/\/energiaperfecta.es\/wp-content\/uploads\/sites\/37\/2025\/07\/energias-renovables-300x200.jpg 300w, https:\/\/energiaperfecta.es\/wp-content\/uploads\/sites\/37\/2025\/07\/energias-renovables-768x512.jpg 768w\" sizes=\"(max-width: 960px) 100vw, 960px\" \/><\/div><\/a>\n\t\t\t\t<div class=\"elementor-post__text\">\n\t\t\t\t<h3 class=\"elementor-post__title\">\n\t\t\t<a href=\"https:\/\/energiaperfecta.es\/en\/what-renewable-energy-technologies-exist-and-which-one-is-best-for-you\/\" >\n\t\t\t\tWhat renewable energy technologies exist, and which one is best for you?\t\t\t<\/a>\n\t\t<\/h3>\n\t\t\t\t<div class=\"elementor-post__excerpt\">\n\t\t\t<p>In the world of renewable energy, there is no one-size-fits-all solution. Each technology has its own characteristics, advantages, and ideal conditions for use. That\u2019s why choosing the most suitable option depends on factors such as climate, type of property, energy demand, sustainability goals, and available budget. Understanding the different options<\/p>\n\t\t<\/div>\n\t\t\n\t\t<a class=\"elementor-post__read-more\" href=\"https:\/\/energiaperfecta.es\/en\/what-renewable-energy-technologies-exist-and-which-one-is-best-for-you\/\" aria-label=\"Read more about What renewable energy technologies exist, and which one is best for you?\" tabindex=\"-1\" >\n\t\t\tLeer m\u00e1s \u00bb\t\t<\/a>\n\n\t\t\t\t<\/div>\n\t\t\t\t<div class=\"elementor-post__meta-data\">\n\t\t\t\t\t<span class=\"elementor-post-date\">\n\t\t\t4 de July de 2025\t\t<\/span>\n\t\t\t\t<\/div>\n\t\t\t\t\t<\/div>\n\t\t<\/article>\n\t\t\t\t<article class=\"elementor-post elementor-grid-item post-9957 post type-post status-publish format-standard has-post-thumbnail hentry category-sin-categorizar\" role=\"listitem\">\n\t\t\t<div class=\"elementor-post__card\">\n\t\t\t\t<a class=\"elementor-post__thumbnail__link\" href=\"https:\/\/energiaperfecta.es\/en\/energy-self-consumption-the-key-to-saving-money-and-protecting-the-planet\/\" tabindex=\"-1\" ><div class=\"elementor-post__thumbnail\"><img decoding=\"async\" width=\"890\" height=\"501\" src=\"https:\/\/energiaperfecta.es\/wp-content\/uploads\/sites\/37\/2024\/04\/1707743898042.jpg\" class=\"attachment-full size-full wp-image-9500\" alt=\"Paneles solares en espa\u00f1a\" srcset=\"https:\/\/energiaperfecta.es\/wp-content\/uploads\/sites\/37\/2024\/04\/1707743898042.jpg 890w, https:\/\/energiaperfecta.es\/wp-content\/uploads\/sites\/37\/2024\/04\/1707743898042-300x169.jpg 300w, https:\/\/energiaperfecta.es\/wp-content\/uploads\/sites\/37\/2024\/04\/1707743898042-768x432.jpg 768w\" sizes=\"(max-width: 890px) 100vw, 890px\" \/><\/div><\/a>\n\t\t\t\t<div class=\"elementor-post__text\">\n\t\t\t\t<h3 class=\"elementor-post__title\">\n\t\t\t<a href=\"https:\/\/energiaperfecta.es\/en\/energy-self-consumption-the-key-to-saving-money-and-protecting-the-planet\/\" >\n\t\t\t\tEnergy self-consumption: the key to saving money and protecting the planet\t\t\t<\/a>\n\t\t<\/h3>\n\t\t\t\t<div class=\"elementor-post__excerpt\">\n\t\t\t<p>Energy self-consumption represents one of the most efficient and sustainable ways to meet today\u2019s energy needs. Through technologies such as photovoltaic solar power, it is possible to generate electricity for personal use, significantly reducing dependence on large utility companies while at the same time decreasing environmental impact. This energy model<\/p>\n\t\t<\/div>\n\t\t\n\t\t<a class=\"elementor-post__read-more\" href=\"https:\/\/energiaperfecta.es\/en\/energy-self-consumption-the-key-to-saving-money-and-protecting-the-planet\/\" aria-label=\"Read more about Energy self-consumption: the key to saving money and protecting the planet\" tabindex=\"-1\" >\n\t\t\tLeer m\u00e1s \u00bb\t\t<\/a>\n\n\t\t\t\t<\/div>\n\t\t\t\t<div class=\"elementor-post__meta-data\">\n\t\t\t\t\t<span class=\"elementor-post-date\">\n\t\t\t26 de April de 2024\t\t<\/span>\n\t\t\t\t<\/div>\n\t\t\t\t\t<\/div>\n\t\t<\/article>\n\t\t\t\t<\/div>\n\t\t\n\t\t\t\t\t\t<\/div>\n\t\t\t\t<\/div>\n\t\t\t\t<\/div>\n\t\t\t\t\t<\/div>\n\t\t\t\t<\/div>\n\t\t\t\t<\/div>\n\t\t","protected":false},"excerpt":{"rendered":"<p>BLOG<\/p>\n","protected":false},"author":270,"featured_media":0,"parent":0,"menu_order":0,"comment_status":"closed","ping_status":"closed","template":"elementor_header_footer","meta":{"_acf_changed":false,"footnotes":""},"class_list":["post-9937","page","type-page","status-publish","hentry"],"yoast_head":"<!-- This site is optimized with the Yoast SEO plugin v27.5 - https:\/\/yoast.com\/product\/yoast-seo-wordpress\/ -->\n<title>Specialized Energy Engineering \u2013 Visit our blog<\/title>\n<meta name=\"description\" content=\"We are specialists in energy engineering for companies. More than 20 years developing sustainable solutions adapted to each client.\" \/>\n<meta name=\"robots\" content=\"index, follow, max-snippet:-1, max-image-preview:large, max-video-preview:-1\" \/>\n<link rel=\"canonical\" href=\"https:\/\/energiaperfecta.es\/en\/blog\/\" \/>\n<meta property=\"og:locale\" content=\"en_US\" \/>\n<meta property=\"og:type\" content=\"article\" \/>\n<meta property=\"og:title\" content=\"Specialized Energy Engineering \u2013 Visit our blog\" \/>\n<meta property=\"og:description\" content=\"We are specialists in energy engineering for companies. More than 20 years developing sustainable solutions adapted to each client.\" \/>\n<meta property=\"og:url\" content=\"https:\/\/energiaperfecta.es\/en\/blog\/\" \/>\n<meta property=\"og:site_name\" content=\"SOLUCIONES DE PERFECCIONAMIENTO ENERGETICO SL\" \/>\n<meta name=\"twitter:card\" content=\"summary_large_image\" \/>\n<script type=\"application\/ld+json\" class=\"yoast-schema-graph\">{\"@context\":\"https:\\\/\\\/schema.org\",\"@graph\":[{\"@type\":\"WebPage\",\"@id\":\"https:\\\/\\\/energiaperfecta.es\\\/en\\\/blog\\\/\",\"url\":\"https:\\\/\\\/energiaperfecta.es\\\/en\\\/blog\\\/\",\"name\":\"Specialized Energy Engineering \u2013 Visit our blog\",\"isPartOf\":{\"@id\":\"https:\\\/\\\/energiaperfecta.es\\\/#website\"},\"datePublished\":\"2025-07-04T14:21:56+00:00\",\"description\":\"We are specialists in energy engineering for companies. More than 20 years developing sustainable solutions adapted to each client.\",\"breadcrumb\":{\"@id\":\"https:\\\/\\\/energiaperfecta.es\\\/en\\\/blog\\\/#breadcrumb\"},\"inLanguage\":\"en-US\",\"potentialAction\":[{\"@type\":\"ReadAction\",\"target\":[\"https:\\\/\\\/energiaperfecta.es\\\/en\\\/blog\\\/\"]}]},{\"@type\":\"BreadcrumbList\",\"@id\":\"https:\\\/\\\/energiaperfecta.es\\\/en\\\/blog\\\/#breadcrumb\",\"itemListElement\":[{\"@type\":\"ListItem\",\"position\":1,\"name\":\"Portada\",\"item\":\"https:\\\/\\\/energiaperfecta.es\\\/\"},{\"@type\":\"ListItem\",\"position\":2,\"name\":\"Blog\"}]},{\"@type\":\"WebSite\",\"@id\":\"https:\\\/\\\/energiaperfecta.es\\\/#website\",\"url\":\"https:\\\/\\\/energiaperfecta.es\\\/\",\"name\":\"SOLUCIONES DE PERFECCIONAMIENTO ENERGETICO SL\",\"description\":\"Instalaciones el\u00e9ctricas en general. Instalaciones de redes telegr\u00e1ficas, telef\u00f3nicas, telefon\u00eda sin hilos y televisi\u00f3n\",\"publisher\":{\"@id\":\"https:\\\/\\\/energiaperfecta.es\\\/#organization\"},\"potentialAction\":[{\"@type\":\"SearchAction\",\"target\":{\"@type\":\"EntryPoint\",\"urlTemplate\":\"https:\\\/\\\/energiaperfecta.es\\\/?s={search_term_string}\"},\"query-input\":{\"@type\":\"PropertyValueSpecification\",\"valueRequired\":true,\"valueName\":\"search_term_string\"}}],\"inLanguage\":\"en-US\"},{\"@type\":\"Organization\",\"@id\":\"https:\\\/\\\/energiaperfecta.es\\\/#organization\",\"name\":\"SOLUCIONES DE PERFECCIONAMIENTO ENERGETICO SL\",\"url\":\"https:\\\/\\\/energiaperfecta.es\\\/\",\"logo\":{\"@type\":\"ImageObject\",\"inLanguage\":\"en-US\",\"@id\":\"https:\\\/\\\/energiaperfecta.es\\\/#\\\/schema\\\/logo\\\/image\\\/\",\"url\":\"https:\\\/\\\/energiaperfecta.es\\\/wp-content\\\/uploads\\\/sites\\\/37\\\/2024\\\/05\\\/PerfectPowerGroup_Logo-scaled.jpg\",\"contentUrl\":\"https:\\\/\\\/energiaperfecta.es\\\/wp-content\\\/uploads\\\/sites\\\/37\\\/2024\\\/05\\\/PerfectPowerGroup_Logo-scaled.jpg\",\"width\":2560,\"height\":433,\"caption\":\"SOLUCIONES DE PERFECCIONAMIENTO ENERGETICO SL\"},\"image\":{\"@id\":\"https:\\\/\\\/energiaperfecta.es\\\/#\\\/schema\\\/logo\\\/image\\\/\"}}]}<\/script>\n<!-- \/ Yoast SEO plugin. -->","yoast_head_json":{"title":"Specialized Energy Engineering \u2013 Visit our blog","description":"We are specialists in energy engineering for companies. More than 20 years developing sustainable solutions adapted to each client.","robots":{"index":"index","follow":"follow","max-snippet":"max-snippet:-1","max-image-preview":"max-image-preview:large","max-video-preview":"max-video-preview:-1"},"canonical":"https:\/\/energiaperfecta.es\/en\/blog\/","og_locale":"en_US","og_type":"article","og_title":"Specialized Energy Engineering \u2013 Visit our blog","og_description":"We are specialists in energy engineering for companies. More than 20 years developing sustainable solutions adapted to each client.","og_url":"https:\/\/energiaperfecta.es\/en\/blog\/","og_site_name":"SOLUCIONES DE PERFECCIONAMIENTO ENERGETICO SL","twitter_card":"summary_large_image","schema":{"@context":"https:\/\/schema.org","@graph":[{"@type":"WebPage","@id":"https:\/\/energiaperfecta.es\/en\/blog\/","url":"https:\/\/energiaperfecta.es\/en\/blog\/","name":"Specialized Energy Engineering \u2013 Visit our blog","isPartOf":{"@id":"https:\/\/energiaperfecta.es\/#website"},"datePublished":"2025-07-04T14:21:56+00:00","description":"We are specialists in energy engineering for companies. More than 20 years developing sustainable solutions adapted to each client.","breadcrumb":{"@id":"https:\/\/energiaperfecta.es\/en\/blog\/#breadcrumb"},"inLanguage":"en-US","potentialAction":[{"@type":"ReadAction","target":["https:\/\/energiaperfecta.es\/en\/blog\/"]}]},{"@type":"BreadcrumbList","@id":"https:\/\/energiaperfecta.es\/en\/blog\/#breadcrumb","itemListElement":[{"@type":"ListItem","position":1,"name":"Portada","item":"https:\/\/energiaperfecta.es\/"},{"@type":"ListItem","position":2,"name":"Blog"}]},{"@type":"WebSite","@id":"https:\/\/energiaperfecta.es\/#website","url":"https:\/\/energiaperfecta.es\/","name":"SOLUCIONES DE PERFECCIONAMIENTO ENERGETICO SL","description":"Instalaciones el\u00e9ctricas en general. Instalaciones de redes telegr\u00e1ficas, telef\u00f3nicas, telefon\u00eda sin hilos y televisi\u00f3n","publisher":{"@id":"https:\/\/energiaperfecta.es\/#organization"},"potentialAction":[{"@type":"SearchAction","target":{"@type":"EntryPoint","urlTemplate":"https:\/\/energiaperfecta.es\/?s={search_term_string}"},"query-input":{"@type":"PropertyValueSpecification","valueRequired":true,"valueName":"search_term_string"}}],"inLanguage":"en-US"},{"@type":"Organization","@id":"https:\/\/energiaperfecta.es\/#organization","name":"SOLUCIONES DE PERFECCIONAMIENTO ENERGETICO SL","url":"https:\/\/energiaperfecta.es\/","logo":{"@type":"ImageObject","inLanguage":"en-US","@id":"https:\/\/energiaperfecta.es\/#\/schema\/logo\/image\/","url":"https:\/\/energiaperfecta.es\/wp-content\/uploads\/sites\/37\/2024\/05\/PerfectPowerGroup_Logo-scaled.jpg","contentUrl":"https:\/\/energiaperfecta.es\/wp-content\/uploads\/sites\/37\/2024\/05\/PerfectPowerGroup_Logo-scaled.jpg","width":2560,"height":433,"caption":"SOLUCIONES DE PERFECCIONAMIENTO ENERGETICO SL"},"image":{"@id":"https:\/\/energiaperfecta.es\/#\/schema\/logo\/image\/"}}]}},"acf":[],"_links":{"self":[{"href":"https:\/\/energiaperfecta.es\/en\/wp-json\/wp\/v2\/pages\/9937","targetHints":{"allow":["GET"]}}],"collection":[{"href":"https:\/\/energiaperfecta.es\/en\/wp-json\/wp\/v2\/pages"}],"about":[{"href":"https:\/\/energiaperfecta.es\/en\/wp-json\/wp\/v2\/types\/page"}],"author":[{"embeddable":true,"href":"https:\/\/energiaperfecta.es\/en\/wp-json\/wp\/v2\/users\/270"}],"replies":[{"embeddable":true,"href":"https:\/\/energiaperfecta.es\/en\/wp-json\/wp\/v2\/comments?post=9937"}],"version-history":[{"count":0,"href":"https:\/\/energiaperfecta.es\/en\/wp-json\/wp\/v2\/pages\/9937\/revisions"}],"wp:attachment":[{"href":"https:\/\/energiaperfecta.es\/en\/wp-json\/wp\/v2\/media?parent=9937"}],"curies":[{"name":"wp","href":"https:\/\/api.w.org\/{rel}","templated":true}]}}